{"id":4101,"date":"2024-06-20T15:37:53","date_gmt":"2024-06-20T13:37:53","guid":{"rendered":"https:\/\/centrumsamopomocy.pl\/?page_id=4101"},"modified":"2024-06-20T15:38:55","modified_gmt":"2024-06-20T13:38:55","slug":"cyberbezpieczenstwo","status":"publish","type":"page","link":"https:\/\/centrumsamopomocy.pl\/?page_id=4101","title":{"rendered":"Cyberbezpiecze\u0144stwo"},"content":{"rendered":"\t\t<div data-elementor-type=\"wp-page\" data-elementor-id=\"4101\" class=\"elementor elementor-4101\">\n\t\t\t\t\t\t<section class=\"elementor-section elementor-top-section elementor-element elementor-element-cf34479 elementor-section-boxed elementor-section-height-default elementor-section-height-default\" data-id=\"cf34479\" data-element_type=\"section\" data-e-type=\"section\">\n\t\t\t\t\t\t<div class=\"elementor-container elementor-column-gap-default\">\n\t\t\t\t\t<div class=\"elementor-column elementor-col-100 elementor-top-column elementor-element elementor-element-85af777\" data-id=\"85af777\" data-element_type=\"column\" data-e-type=\"column\">\n\t\t\t<div class=\"elementor-widget-wrap elementor-element-populated\">\n\t\t\t\t\t\t<div class=\"elementor-element elementor-element-85f04c3 elementor-widget elementor-widget-heading\" data-id=\"85f04c3\" data-element_type=\"widget\" data-e-type=\"widget\" data-widget_type=\"heading.default\">\n\t\t\t\t<div class=\"elementor-widget-container\">\n\t\t\t\t\t<h2 class=\"elementor-heading-title elementor-size-default\">Cyberbezpiecze\u0144stwo<\/h2>\t\t\t\t<\/div>\n\t\t\t\t<\/div>\n\t\t\t\t<div class=\"elementor-element elementor-element-826b4a4 elementor-widget elementor-widget-spacer\" data-id=\"826b4a4\" data-element_type=\"widget\" data-e-type=\"widget\" data-widget_type=\"spacer.default\">\n\t\t\t\t<div class=\"elementor-widget-container\">\n\t\t\t\t\t\t\t<div class=\"elementor-spacer\">\n\t\t\t<div class=\"elementor-spacer-inner\"><\/div>\n\t\t<\/div>\n\t\t\t\t\t\t<\/div>\n\t\t\t\t<\/div>\n\t\t\t\t<div class=\"elementor-element elementor-element-3fe064d elementor-widget elementor-widget-text-editor\" data-id=\"3fe064d\" data-element_type=\"widget\" data-e-type=\"widget\" data-widget_type=\"text-editor.default\">\n\t\t\t\t<div class=\"elementor-widget-container\">\n\t\t\t\t\t\t\t\t\t<p>Realizuj\u0105c zadania, wynikaj\u0105ce z art. 22 ust. 1 pkt 4 ustawy&nbsp;<span style=\"font-size: 16px; letter-spacing: var( --e-global-typography-044dad7-letter-spacing ); word-spacing: var( --e-global-typography-044dad7-word-spacing );\">z dnia 5 lipca 2018 r. o krajowym systemie&nbsp;<\/span><span style=\"font-size: 16px; letter-spacing: var( --e-global-typography-044dad7-letter-spacing ); word-spacing: var( --e-global-typography-044dad7-word-spacing );\">cyberbezpiecze\u0144stwa (Dz.U. z 2020 r. poz. 1369, z p\u00f3\u017an.zm.),&nbsp;<\/span><span style=\"font-size: 16px; letter-spacing: var( --e-global-typography-044dad7-letter-spacing ); word-spacing: var( --e-global-typography-044dad7-word-spacing );\">przekazujemy Pa\u0144stwu informacje pozwalaj\u0105ce na&nbsp;<\/span><span style=\"font-size: 16px; letter-spacing: var( --e-global-typography-044dad7-letter-spacing ); word-spacing: var( --e-global-typography-044dad7-word-spacing );\">zrozumienie zagro\u017ce\u0144 wyst\u0119puj\u0105cych w cyberprzestrzeni&nbsp;<\/span><span style=\"font-size: 16px; letter-spacing: var( --e-global-typography-044dad7-letter-spacing ); word-spacing: var( --e-global-typography-044dad7-word-spacing );\">oraz porady jak skuteczne stosowa\u0107 sposoby zabezpieczenia&nbsp;<\/span><span style=\"font-size: 16px; letter-spacing: var( --e-global-typography-044dad7-letter-spacing ); word-spacing: var( --e-global-typography-044dad7-word-spacing );\">si\u0119 przed tymi zagro\u017ceniami.<\/span><\/p>\n<p>Cyberbezpiecze\u0144stwo, zgodnie z obowi\u0105zuj\u0105cymi przepisami, to&nbsp;<span style=\"font-size: 16px; letter-spacing: var( --e-global-typography-044dad7-letter-spacing ); word-spacing: var( --e-global-typography-044dad7-word-spacing );\">\u201eodporno\u015b\u0107 system\u00f3w informacyjnych na dzia\u0142ania naruszaj\u0105ce poufno\u015b\u0107,&nbsp;<\/span><span style=\"font-size: 16px; letter-spacing: var( --e-global-typography-044dad7-letter-spacing ); word-spacing: var( --e-global-typography-044dad7-word-spacing );\">integralno\u015b\u0107, dost\u0119pno\u015b\u0107 i autentyczno\u015b\u0107 przetwarzanych danych lub&nbsp;<\/span><span style=\"font-size: 16px; letter-spacing: var( --e-global-typography-044dad7-letter-spacing ); word-spacing: var( --e-global-typography-044dad7-word-spacing );\">zwi\u0105zanych z nimi us\u0142ug oferowanych przez te systemy\u201d&nbsp; (art. 2 pkt 4)&nbsp;<\/span><span style=\"font-size: 16px; letter-spacing: var( --e-global-typography-044dad7-letter-spacing ); word-spacing: var( --e-global-typography-044dad7-word-spacing );\">ustawy z dnia 5 lipca 2018 r. o krajowym systemie cyberbezpiecze\u0144stwa.<\/span><\/p>\n<p>Najpopularniejsze zagro\u017cenia w cyberprzestrzeni:<\/p>\n<p><span style=\"font-size: 16px; letter-spacing: var( --e-global-typography-044dad7-letter-spacing ); word-spacing: var( --e-global-typography-044dad7-word-spacing );\">&#8211;&nbsp; ataki z u\u017cyciem szkodliwego oprogramowania (malware, wirusy, robaki,&nbsp; itp.),<\/span><\/p>\n<p>&#8211; kradzie\u017ce to\u017csamo\u015bci, kradzie\u017ce (wy\u0142udzenia),<\/p>\n<p>&#8211; modyfikacje b\u0105d\u017a niszczenie danych,<\/p>\n<p>&#8211; blokowanie dost\u0119pu do us\u0142ug,<\/p>\n<p>&#8211; spam (niechciane lub niepotrzebne wiadomo\u015bci elektroniczne),<\/p>\n<p>&#8211; ataki socjotechniczne (np. phishing, czyli wy\u0142udzanie poufnych informacji&nbsp; przez podszywanie si\u0119 pod godn\u0105 zaufania osob\u0119 lub instytucj\u0119.<\/p>\n<p>Sposoby zabezpieczenia si\u0119 przed zagro\u017ceniami:<\/p>\n<p>&#8211; Zainstaluj i u\u017cywaj oprogramowania przeciw wirusom. Stosuj ochron\u0119 w&nbsp; czasie rzeczywistym;<\/p>\n<p>&#8211; Aktualizuj system operacyjny i aplikacje bez zb\u0119dnej zw\u0142oki;<\/p>\n<p>&#8211; Aktualizuj oprogramowanie antywirusowe oraz bazy danych wirus\u00f3w&nbsp; (dowiedz si\u0119 czy tw\u00f3j program do ochrony przed wirusami posiada tak\u0105&nbsp;<span style=\"font-size: 16px; letter-spacing: var( --e-global-typography-044dad7-letter-spacing ); word-spacing: var( --e-global-typography-044dad7-word-spacing );\">funkcj\u0119 i robi to automatycznie);<\/span><\/p>\n<p>&#8211; Nie otwieraj plik\u00f3w nieznanego pochodzenia;<\/p>\n<p>&#8211; Nie korzystaj ze stron bank\u00f3w, poczty elektronicznej czy portali&nbsp; spo\u0142eczno\u015bciowych, kt\u00f3re nie maj\u0105 wa\u017cnego certyfikatu SSL;<\/p>\n<p>&#8211; Nie u\u017cywaj niesprawdzonych program\u00f3w zabezpieczaj\u0105cych czy te\u017c do&nbsp; publikowania w\u0142asnych plik\u00f3w w Internecie (mog\u0105 one np. pod\u0142\u0105cza\u0107&nbsp;<span style=\"font-size: 16px; letter-spacing: var( --e-global-typography-044dad7-letter-spacing ); word-spacing: var( --e-global-typography-044dad7-word-spacing );\">niechciane linijki kodu do \u017ar\u00f3d\u0142a strony);<\/span><\/p>\n<p>&#8211; Skanuj komputer i sprawdzaj procesy sieciowe \u2013 z\u0142o\u015bliwe oprogramowanie&nbsp; nawi\u0105zuj\u0105ce w\u0142asne po\u0142\u0105czenia z Internetem, wysy\u0142aj\u0105ce twoje has\u0142a i inne&nbsp;<span style=\"font-size: 16px; letter-spacing: var( --e-global-typography-044dad7-letter-spacing ); word-spacing: var( --e-global-typography-044dad7-word-spacing );\">prywatne dane do sieci mo\u017ce si\u0119 zainstalowa\u0107 na komputerze mimo dobrej&nbsp;<\/span><span style=\"font-size: 16px; letter-spacing: var( --e-global-typography-044dad7-letter-spacing ); word-spacing: var( --e-global-typography-044dad7-word-spacing );\">ochrony \u2013 nale\u017cy je wykry\u0107 i zlikwidowa\u0107;<\/span><\/p>\n<p><span style=\"font-size: 16px; letter-spacing: var( --e-global-typography-044dad7-letter-spacing ); word-spacing: var( --e-global-typography-044dad7-word-spacing );\">&#8211; Pami\u0119taj, \u017ce \u017caden bank czy Urz\u0105d nie wysy\u0142a e-maili do swoich&nbsp; klient\u00f3w\/interesant\u00f3w z pro\u015bb\u0105 o podanie has\u0142a lub loginu w celu ich&nbsp;<\/span><\/p>\n<p>weryfikacji;<\/p>\n<p>&#8211; Sprawdzaj pliki pobrane z Internetu za pomoc\u0105 skanera antywirusowego;<\/p>\n<p>&#8211; Nie odwiedzaj stron, kt\u00f3re oferuj\u0105 niesamowite atrakcje (darmowe filmiki,&nbsp;<span style=\"font-size: 16px; letter-spacing: var( --e-global-typography-044dad7-letter-spacing ); word-spacing: var( --e-global-typography-044dad7-word-spacing );\">muzyk\u0119, albo \u0142atwy zarobek przy rozsy\u0142aniu spamu) \u2013 cz\u0119sto na takich&nbsp;<\/span><span style=\"font-size: 16px; letter-spacing: var( --e-global-typography-044dad7-letter-spacing ); word-spacing: var( --e-global-typography-044dad7-word-spacing );\">stronach znajduj\u0105 si\u0119 ukryte wirusy, trojany i inne zagro\u017cenia;<\/span><\/p>\n<p>&#8211; Nie wysy\u0142aj w e-mailach \u017cadnych poufnych danych w formie otwartego&nbsp; tekstu \u2013 niech np. b\u0119d\u0105 zabezpieczone has\u0142em i zaszyfrowane \u2013 has\u0142o&nbsp;<span style=\"font-size: 16px; letter-spacing: var( --e-global-typography-044dad7-letter-spacing ); word-spacing: var( --e-global-typography-044dad7-word-spacing );\">przekazuj w spos\u00f3b bezpieczny;<\/span><\/p>\n<p>&#8211; Nie zostawiaj danych osobowych w niesprawdzonych serwisach i na&nbsp; stronach, je\u017celi nie masz absolutnej pewno\u015bci, \u017ce nie s\u0105 one widoczne dla&nbsp;<span style=\"font-size: 16px; letter-spacing: var( --e-global-typography-044dad7-letter-spacing ); word-spacing: var( --e-global-typography-044dad7-word-spacing );\">os\u00f3b trzecich;<\/span><\/p>\n<p>&#8211; Pami\u0119taj o uruchomieniu firewalla na ka\u017cdym urz\u0105dzeniu;<\/p>\n<p>&#8211; Wykonuj kopie zapasowe wa\u017cnych danych;<\/p>\n<p>&#8211; Zrozumienie zagro\u017ce\u0144 cyberbezpiecze\u0144stwa i stosowanie sposob\u00f3w&nbsp; zabezpieczania si\u0119 przed zagro\u017ceniami, to wiedza niezb\u0119dna ka\u017cdemu&nbsp;<span style=\"font-size: 16px; letter-spacing: var( --e-global-typography-044dad7-letter-spacing ); word-spacing: var( --e-global-typography-044dad7-word-spacing );\">u\u017cytkownikowi komputera, smartphona czy te\u017c us\u0142ug internetowych.<\/span><\/p>\n<p><span style=\"font-size: 16px; letter-spacing: var( --e-global-typography-044dad7-letter-spacing ); word-spacing: var( --e-global-typography-044dad7-word-spacing );\"><br><\/span><\/p>\n<p>Dodatkowe informacje:<\/p>\n<p>&#8211; zestaw porad bezpiecze\u0144stwa dla u\u017cytkownik\u00f3w komputer\u00f3w prowadzony&nbsp; na witrynie internetowej CSIRT NASK \u2013 Zespo\u0142u Reagowania na Incydenty&nbsp;<span style=\"font-size: 16px; letter-spacing: var( --e-global-typography-044dad7-letter-spacing ); word-spacing: var( --e-global-typography-044dad7-word-spacing );\">Bezpiecze\u0144stwa Komputerowego dzia\u0142aj\u0105cego na poziomie&nbsp;<\/span><span style=\"font-size: 16px; letter-spacing: var( --e-global-typography-044dad7-letter-spacing ); word-spacing: var( --e-global-typography-044dad7-word-spacing );\">krajowym:<\/span><span style=\"font-size: 16px; letter-spacing: var( --e-global-typography-044dad7-letter-spacing ); word-spacing: var( --e-global-typography-044dad7-word-spacing ); white-space: pre;\">\t<\/span><span style=\"font-size: 16px; letter-spacing: var( --e-global-typography-044dad7-letter-spacing ); word-spacing: var( --e-global-typography-044dad7-word-spacing );\">https:\/\/www.cert.pl\/ouch\/<\/span><\/p>\n<p>&#8211; poradniki na witrynie internetowej Ministerstwa&nbsp; Cyfryzacji:<span style=\"white-space:pre\">\t<\/span>https:\/\/www.gov.pl\/web\/baza-wiedzy\/cyberbezpieczenstwo<\/p>\n<p>&#8211; publikacje z zakresu cyberbezpiecze\u0144stwa:<span style=\"white-space:pre\">\t<\/span>https:\/\/www.cert.pl\/<\/p>\n<p>&#8211; strona internetowa kampanii ST\u00d3J. POMY\u015aL. PO\u0141\u0104CZ. maj\u0105cej na celu&nbsp; zwi\u0119kszanie poziomu \u015bwiadomo\u015bci spo\u0142ecznej i promowanie&nbsp;<\/p>\n<p>bezpiecze\u0144stwa w cyberprzestrzeni:<span style=\"white-space:pre\">\t<\/span>https:\/\/stojpomyslpolacz.pl\/stp\/<\/p>\t\t\t\t\t\t\t\t<\/div>\n\t\t\t\t<\/div>\n\t\t\t\t\t<\/div>\n\t\t<\/div>\n\t\t\t\t\t<\/div>\n\t\t<\/section>\n\t\t\t\t<\/div>\n\t\t","protected":false},"excerpt":{"rendered":"<p>Cyberbezpiecze\u0144stwo Realizuj\u0105c zadania, wynikaj\u0105ce z art. 22 ust. 1 pkt 4 ustawy&nbsp;z dnia 5 lipca 2018 r. o krajowym systemie&nbsp;cyberbezpiecze\u0144stwa (Dz.U. z 2020 r. poz. 1369, z p\u00f3\u017an.zm.),&nbsp;przekazujemy Pa\u0144stwu informacje pozwalaj\u0105ce na&nbsp;zrozumienie zagro\u017ce\u0144 wyst\u0119puj\u0105cych w cyberprzestrzeni&nbsp;oraz porady jak skuteczne stosowa\u0107 sposoby zabezpieczenia&nbsp;si\u0119 przed tymi zagro\u017ceniami. Cyberbezpiecze\u0144stwo, zgodnie z obowi\u0105zuj\u0105cymi przepisami, to&nbsp;\u201eodporno\u015b\u0107 system\u00f3w informacyjnych na dzia\u0142ania [&hellip;]<\/p>\n","protected":false},"author":3,"featured_media":0,"parent":0,"menu_order":0,"comment_status":"closed","ping_status":"closed","template":"","meta":{"_monsterinsights_skip_tracking":false,"_monsterinsights_sitenote_active":false,"_monsterinsights_sitenote_note":"","_monsterinsights_sitenote_category":0,"_uf_show_specific_survey":0,"_uf_disable_surveys":false,"ocean_post_layout":"","ocean_both_sidebars_style":"","ocean_both_sidebars_content_width":0,"ocean_both_sidebars_sidebars_width":0,"ocean_sidebar":"0","ocean_second_sidebar":"0","ocean_disable_margins":"enable","ocean_add_body_class":"","ocean_shortcode_before_top_bar":"","ocean_shortcode_after_top_bar":"","ocean_shortcode_before_header":"","ocean_shortcode_after_header":"","ocean_has_shortcode":"","ocean_shortcode_after_title":"","ocean_shortcode_before_footer_widgets":"","ocean_shortcode_after_footer_widgets":"","ocean_shortcode_before_footer_bottom":"","ocean_shortcode_after_footer_bottom":"","ocean_display_top_bar":"default","ocean_display_header":"default","ocean_header_style":"","ocean_center_header_left_menu":"0","ocean_custom_header_template":"0","ocean_custom_logo":0,"ocean_custom_retina_logo":0,"ocean_custom_logo_max_width":0,"ocean_custom_logo_tablet_max_width":0,"ocean_custom_logo_mobile_max_width":0,"ocean_custom_logo_max_height":0,"ocean_custom_logo_tablet_max_height":0,"ocean_custom_logo_mobile_max_height":0,"ocean_header_custom_menu":"0","ocean_menu_typo_font_family":"0","ocean_menu_typo_font_subset":"","ocean_menu_typo_font_size":0,"ocean_menu_typo_font_size_tablet":0,"ocean_menu_typo_font_size_mobile":0,"ocean_menu_typo_font_size_unit":"px","ocean_menu_typo_font_weight":"","ocean_menu_typo_font_weight_tablet":"","ocean_menu_typo_font_weight_mobile":"","ocean_menu_typo_transform":"","ocean_menu_typo_transform_tablet":"","ocean_menu_typo_transform_mobile":"","ocean_menu_typo_line_height":0,"ocean_menu_typo_line_height_tablet":0,"ocean_menu_typo_line_height_mobile":0,"ocean_menu_typo_line_height_unit":"","ocean_menu_typo_spacing":0,"ocean_menu_typo_spacing_tablet":0,"ocean_menu_typo_spacing_mobile":0,"ocean_menu_typo_spacing_unit":"","ocean_menu_link_color":"","ocean_menu_link_color_hover":"","ocean_menu_link_color_active":"","ocean_menu_link_background":"","ocean_menu_link_hover_background":"","ocean_menu_link_active_background":"","ocean_menu_social_links_bg":"","ocean_menu_social_hover_links_bg":"","ocean_menu_social_links_color":"","ocean_menu_social_hover_links_color":"","ocean_disable_title":"default","ocean_disable_heading":"default","ocean_post_title":"","ocean_post_subheading":"","ocean_post_title_style":"","ocean_post_title_background_color":"","ocean_post_title_background":0,"ocean_post_title_bg_image_position":"","ocean_post_title_bg_image_attachment":"","ocean_post_title_bg_image_repeat":"","ocean_post_title_bg_image_size":"","ocean_post_title_height":0,"ocean_post_title_bg_overlay":0.5,"ocean_post_title_bg_overlay_color":"","ocean_disable_breadcrumbs":"default","ocean_breadcrumbs_color":"","ocean_breadcrumbs_separator_color":"","ocean_breadcrumbs_links_color":"","ocean_breadcrumbs_links_hover_color":"","ocean_display_footer_widgets":"default","ocean_display_footer_bottom":"default","ocean_custom_footer_template":"0","footnotes":""},"class_list":["post-4101","page","type-page","status-publish","hentry","entry"],"aioseo_notices":[],"_links":{"self":[{"href":"https:\/\/centrumsamopomocy.pl\/index.php?rest_route=\/wp\/v2\/pages\/4101","targetHints":{"allow":["GET"]}}],"collection":[{"href":"https:\/\/centrumsamopomocy.pl\/index.php?rest_route=\/wp\/v2\/pages"}],"about":[{"href":"https:\/\/centrumsamopomocy.pl\/index.php?rest_route=\/wp\/v2\/types\/page"}],"author":[{"embeddable":true,"href":"https:\/\/centrumsamopomocy.pl\/index.php?rest_route=\/wp\/v2\/users\/3"}],"replies":[{"embeddable":true,"href":"https:\/\/centrumsamopomocy.pl\/index.php?rest_route=%2Fwp%2Fv2%2Fcomments&post=4101"}],"version-history":[{"count":4,"href":"https:\/\/centrumsamopomocy.pl\/index.php?rest_route=\/wp\/v2\/pages\/4101\/revisions"}],"predecessor-version":[{"id":4105,"href":"https:\/\/centrumsamopomocy.pl\/index.php?rest_route=\/wp\/v2\/pages\/4101\/revisions\/4105"}],"wp:attachment":[{"href":"https:\/\/centrumsamopomocy.pl\/index.php?rest_route=%2Fwp%2Fv2%2Fmedia&parent=4101"}],"curies":[{"name":"wp","href":"https:\/\/api.w.org\/{rel}","templated":true}]}}