{"id":2907,"date":"2023-06-28T11:46:28","date_gmt":"2023-06-28T09:46:28","guid":{"rendered":"https:\/\/centrumsamopomocy.pl\/?page_id=2907"},"modified":"2025-07-23T18:50:09","modified_gmt":"2025-07-23T16:50:09","slug":"zespol-doradztwa-i-poradnictwa","status":"publish","type":"page","link":"https:\/\/centrumsamopomocy.pl\/?page_id=2907","title":{"rendered":"Zesp\u00f3\u0142 Doradztwa i Poradnictwa"},"content":{"rendered":"\t\t<div data-elementor-type=\"wp-page\" data-elementor-id=\"2907\" class=\"elementor elementor-2907\">\n\t\t\t\t\t\t<section class=\"elementor-section elementor-top-section elementor-element elementor-element-a4d3c1f elementor-section-boxed elementor-section-height-default elementor-section-height-default\" data-id=\"a4d3c1f\" data-element_type=\"section\" data-e-type=\"section\">\n\t\t\t\t\t\t<div class=\"elementor-container elementor-column-gap-default\">\n\t\t\t\t\t<div class=\"elementor-column elementor-col-100 elementor-top-column elementor-element elementor-element-3799627\" data-id=\"3799627\" data-element_type=\"column\" data-e-type=\"column\">\n\t\t\t<div class=\"elementor-widget-wrap elementor-element-populated\">\n\t\t\t\t\t\t<div class=\"elementor-element elementor-element-3404dd6 elementor-widget elementor-widget-heading\" data-id=\"3404dd6\" data-element_type=\"widget\" data-e-type=\"widget\" data-widget_type=\"heading.default\">\n\t\t\t\t<div class=\"elementor-widget-container\">\n\t\t\t\t\t<h2 class=\"elementor-heading-title elementor-size-default\">Zesp\u00f3\u0142 Doradztwa i Poradnictwa<\/h2>\t\t\t\t<\/div>\n\t\t\t\t<\/div>\n\t\t\t\t\t<\/div>\n\t\t<\/div>\n\t\t\t\t\t<\/div>\n\t\t<\/section>\n\t\t\t\t<section class=\"elementor-section elementor-top-section elementor-element elementor-element-33873e7 elementor-section-boxed elementor-section-height-default elementor-section-height-default\" data-id=\"33873e7\" data-element_type=\"section\" data-e-type=\"section\">\n\t\t\t\t\t\t<div class=\"elementor-container elementor-column-gap-default\">\n\t\t\t\t\t<div class=\"elementor-column elementor-col-100 elementor-top-column elementor-element elementor-element-ec21193\" data-id=\"ec21193\" data-element_type=\"column\" data-e-type=\"column\">\n\t\t\t<div class=\"elementor-widget-wrap elementor-element-populated\">\n\t\t\t\t\t\t<div class=\"elementor-element elementor-element-e79ade8 elementor-widget elementor-widget-spacer\" data-id=\"e79ade8\" data-element_type=\"widget\" data-e-type=\"widget\" data-widget_type=\"spacer.default\">\n\t\t\t\t<div class=\"elementor-widget-container\">\n\t\t\t\t\t\t\t<div class=\"elementor-spacer\">\n\t\t\t<div class=\"elementor-spacer-inner\"><\/div>\n\t\t<\/div>\n\t\t\t\t\t\t<\/div>\n\t\t\t\t<\/div>\n\t\t\t\t\t<\/div>\n\t\t<\/div>\n\t\t\t\t\t<\/div>\n\t\t<\/section>\n\t\t\t\t<section class=\"elementor-section elementor-top-section elementor-element elementor-element-e5717ed elementor-section-boxed elementor-section-height-default elementor-section-height-default\" data-id=\"e5717ed\" data-element_type=\"section\" data-e-type=\"section\">\n\t\t\t\t\t\t<div class=\"elementor-container elementor-column-gap-default\">\n\t\t\t\t\t<div class=\"elementor-column elementor-col-33 elementor-top-column elementor-element elementor-element-77d6b0b\" data-id=\"77d6b0b\" data-element_type=\"column\" data-e-type=\"column\">\n\t\t\t<div class=\"elementor-widget-wrap elementor-element-populated\">\n\t\t\t\t\t\t<div class=\"elementor-element elementor-element-431e7b0 elementor-widget elementor-widget-text-editor\" data-id=\"431e7b0\" data-element_type=\"widget\" data-e-type=\"widget\" data-widget_type=\"text-editor.default\">\n\t\t\t\t<div class=\"elementor-widget-container\">\n\t\t\t\t\t\t\t\t\t<p>Celem zespo\u0142u jest zapewnienie wsparcia osobom z niepe\u0142nosprawno\u015bciami lub do\u015bwiadczaj\u0105cym kryzys\u00f3w psychicznych i ich rodzinom w celu zwi\u0119kszania ich aktywno\u015bci spo\u0142ecznej i zawodowej. Kompleksowe wsparcie doradcze i psychologiczne rozwija umiej\u0119tno\u015bci do prowadzenia niezale\u017cnego i aktywnego \u017cycia. Zesp\u00f3\u0142 prowadzi poradnictwo z zakresu niepe\u0142nosprawno\u015bci oraz wspiera innych profesjonalist\u00f3w w pracy z klientami. Prowadzony jest punkt informacyjno-konsultacyjny.<\/p>\t\t\t\t\t\t\t\t<\/div>\n\t\t\t\t<\/div>\n\t\t\t\t\t<\/div>\n\t\t<\/div>\n\t\t\t\t<div class=\"elementor-column elementor-col-33 elementor-top-column elementor-element elementor-element-865c9c1\" data-id=\"865c9c1\" data-element_type=\"column\" data-e-type=\"column\">\n\t\t\t<div class=\"elementor-widget-wrap\">\n\t\t\t\t\t\t\t<\/div>\n\t\t<\/div>\n\t\t\t\t<div class=\"elementor-column elementor-col-33 elementor-top-column elementor-element elementor-element-33ece0d\" data-id=\"33ece0d\" data-element_type=\"column\" data-e-type=\"column\">\n\t\t\t<div class=\"elementor-widget-wrap elementor-element-populated\">\n\t\t\t\t\t\t<div class=\"elementor-element elementor-element-fb286d3 elementor-widget elementor-widget-image\" data-id=\"fb286d3\" data-element_type=\"widget\" data-e-type=\"widget\" data-widget_type=\"image.default\">\n\t\t\t\t<div class=\"elementor-widget-container\">\n\t\t\t\t\t\t\t\t\t\t\t\t\t\t\t<img fetchpriority=\"high\" decoding=\"async\" width=\"300\" height=\"300\" src=\"https:\/\/centrumsamopomocy.pl\/wp-content\/uploads\/2023\/07\/logo_zespol_doradztwa-300x300.png\" class=\"attachment-medium size-medium wp-image-3021\" alt=\"\" srcset=\"https:\/\/centrumsamopomocy.pl\/wp-content\/uploads\/2023\/07\/logo_zespol_doradztwa-300x300.png 300w, https:\/\/centrumsamopomocy.pl\/wp-content\/uploads\/2023\/07\/logo_zespol_doradztwa-1024x1024.png 1024w, https:\/\/centrumsamopomocy.pl\/wp-content\/uploads\/2023\/07\/logo_zespol_doradztwa-150x150.png 150w, https:\/\/centrumsamopomocy.pl\/wp-content\/uploads\/2023\/07\/logo_zespol_doradztwa-768x768.png 768w, https:\/\/centrumsamopomocy.pl\/wp-content\/uploads\/2023\/07\/logo_zespol_doradztwa-1536x1536.png 1536w, https:\/\/centrumsamopomocy.pl\/wp-content\/uploads\/2023\/07\/logo_zespol_doradztwa-2048x2048.png 2048w, https:\/\/centrumsamopomocy.pl\/wp-content\/uploads\/2023\/07\/logo_zespol_doradztwa-600x600.png 600w\" sizes=\"(max-width: 300px) 100vw, 300px\" \/>\t\t\t\t\t\t\t\t\t\t\t\t\t\t\t<\/div>\n\t\t\t\t<\/div>\n\t\t\t\t\t<\/div>\n\t\t<\/div>\n\t\t\t\t\t<\/div>\n\t\t<\/section>\n\t\t\t\t<section class=\"elementor-section elementor-top-section elementor-element elementor-element-b1101e9 elementor-section-boxed elementor-section-height-default elementor-section-height-default\" data-id=\"b1101e9\" data-element_type=\"section\" data-e-type=\"section\">\n\t\t\t\t\t\t<div class=\"elementor-container elementor-column-gap-default\">\n\t\t\t\t\t<div class=\"elementor-column elementor-col-100 elementor-top-column elementor-element elementor-element-7506e65\" data-id=\"7506e65\" data-element_type=\"column\" data-e-type=\"column\">\n\t\t\t<div class=\"elementor-widget-wrap elementor-element-populated\">\n\t\t\t\t\t\t<div class=\"elementor-element elementor-element-7b518ae elementor-widget elementor-widget-spacer\" data-id=\"7b518ae\" data-element_type=\"widget\" data-e-type=\"widget\" data-widget_type=\"spacer.default\">\n\t\t\t\t<div class=\"elementor-widget-container\">\n\t\t\t\t\t\t\t<div class=\"elementor-spacer\">\n\t\t\t<div class=\"elementor-spacer-inner\"><\/div>\n\t\t<\/div>\n\t\t\t\t\t\t<\/div>\n\t\t\t\t<\/div>\n\t\t\t\t\t<\/div>\n\t\t<\/div>\n\t\t\t\t\t<\/div>\n\t\t<\/section>\n\t\t\t\t<section class=\"elementor-section elementor-top-section elementor-element elementor-element-367494c elementor-section-boxed elementor-section-height-default elementor-section-height-default\" data-id=\"367494c\" data-element_type=\"section\" data-e-type=\"section\">\n\t\t\t\t\t\t<div class=\"elementor-container elementor-column-gap-default\">\n\t\t\t\t\t<div class=\"elementor-column elementor-col-100 elementor-top-column elementor-element elementor-element-31984ef\" data-id=\"31984ef\" data-element_type=\"column\" data-e-type=\"column\">\n\t\t\t<div class=\"elementor-widget-wrap elementor-element-populated\">\n\t\t\t\t\t\t<div class=\"elementor-element elementor-element-e612bd6 elementor-widget elementor-widget-text-editor\" data-id=\"e612bd6\" data-element_type=\"widget\" data-e-type=\"widget\" data-widget_type=\"text-editor.default\">\n\t\t\t\t<div class=\"elementor-widget-container\">\n\t\t\t\t\t\t\t\t\tUdzielamy konsultacji o dost\u0119pnych formach pomocy i wsparcia.<br>Pomagamy podj\u0105\u0107 pierwszy krok.\t\t\t\t\t\t\t\t<\/div>\n\t\t\t\t<\/div>\n\t\t\t\t<div class=\"elementor-element elementor-element-a3203df elementor-widget elementor-widget-spacer\" data-id=\"a3203df\" data-element_type=\"widget\" data-e-type=\"widget\" data-widget_type=\"spacer.default\">\n\t\t\t\t<div class=\"elementor-widget-container\">\n\t\t\t\t\t\t\t<div class=\"elementor-spacer\">\n\t\t\t<div class=\"elementor-spacer-inner\"><\/div>\n\t\t<\/div>\n\t\t\t\t\t\t<\/div>\n\t\t\t\t<\/div>\n\t\t\t\t\t<\/div>\n\t\t<\/div>\n\t\t\t\t\t<\/div>\n\t\t<\/section>\n\t\t\t\t<section class=\"elementor-section elementor-top-section elementor-element elementor-element-28cc029 elementor-section-boxed elementor-section-height-default elementor-section-height-default\" data-id=\"28cc029\" data-element_type=\"section\" data-e-type=\"section\">\n\t\t\t\t\t\t<div class=\"elementor-container elementor-column-gap-default\">\n\t\t\t\t\t<div class=\"elementor-column elementor-col-100 elementor-top-column elementor-element elementor-element-39b3f7c\" data-id=\"39b3f7c\" data-element_type=\"column\" data-e-type=\"column\">\n\t\t\t<div class=\"elementor-widget-wrap elementor-element-populated\">\n\t\t\t\t\t\t<div class=\"elementor-element elementor-element-2d5d41a elementor-widget elementor-widget-heading\" data-id=\"2d5d41a\" data-element_type=\"widget\" data-e-type=\"widget\" data-widget_type=\"heading.default\">\n\t\t\t\t<div class=\"elementor-widget-container\">\n\t\t\t\t\t<h2 class=\"elementor-heading-title elementor-size-default\">Najcz\u0119\u015bciej zadawane pytania<\/h2>\t\t\t\t<\/div>\n\t\t\t\t<\/div>\n\t\t\t\t\t<\/div>\n\t\t<\/div>\n\t\t\t\t\t<\/div>\n\t\t<\/section>\n\t\t\t\t<section class=\"elementor-section elementor-top-section elementor-element elementor-element-f3a9dbd elementor-section-boxed elementor-section-height-default elementor-section-height-default\" data-id=\"f3a9dbd\" data-element_type=\"section\" data-e-type=\"section\">\n\t\t\t\t\t\t<div class=\"elementor-container elementor-column-gap-wide\">\n\t\t\t\t\t<div class=\"elementor-column elementor-col-33 elementor-top-column elementor-element elementor-element-b5cc26b\" data-id=\"b5cc26b\" data-element_type=\"column\" data-e-type=\"column\">\n\t\t\t<div class=\"elementor-widget-wrap elementor-element-populated\">\n\t\t\t\t\t\t<div class=\"elementor-element elementor-element-5c502a8 elementor-widget elementor-widget-heading\" data-id=\"5c502a8\" data-element_type=\"widget\" data-e-type=\"widget\" data-widget_type=\"heading.default\">\n\t\t\t\t<div class=\"elementor-widget-container\">\n\t\t\t\t\t<h2 class=\"elementor-heading-title elementor-size-default\">Jak znale\u017a\u0107 odpowiedniego psychologa?<\/h2>\t\t\t\t<\/div>\n\t\t\t\t<\/div>\n\t\t\t\t<div class=\"elementor-element elementor-element-44a6a86 elementor-widget elementor-widget-text-editor\" data-id=\"44a6a86\" data-element_type=\"widget\" data-e-type=\"widget\" data-widget_type=\"text-editor.default\">\n\t\t\t\t<div class=\"elementor-widget-container\">\n\t\t\t\t\t\t\t\t\t<p>Podczas interakcji z Psychologiem nale\u017cy odpowiedzie\u0107 sobie na takie pytania:\u00a0<\/p><p><span style=\"font-size: 14px;\">Czy w towarzystwie tego psychologa czuj\u0119 si\u0119 bezpiecznie?<\/span><\/p><p>Czy jestem bezwarunkowo akceptowany?<\/p><p>Czy ten psycholog s\u0142ucha uwa\u017cnie tego, co m\u00f3wi\u0119?<\/p><p>Czy mog\u0119 wypowiada\u0107 si\u0119 w swobodny spos\u00f3b?<\/p><p>Czy nie wysnuwa daleko id\u0105cych wniosk\u00f3w, z kt\u00f3rymi tak naprawd\u0119 si\u0119 nie zgadzam?<\/p><p>Czy nie obiecuje poprawy w szybkim czasie i bez wysi\u0142ku?<\/p>\t\t\t\t\t\t\t\t<\/div>\n\t\t\t\t<\/div>\n\t\t\t\t\t<\/div>\n\t\t<\/div>\n\t\t\t\t<div class=\"elementor-column elementor-col-33 elementor-top-column elementor-element elementor-element-f2a1f9b\" data-id=\"f2a1f9b\" data-element_type=\"column\" data-e-type=\"column\">\n\t\t\t<div class=\"elementor-widget-wrap elementor-element-populated\">\n\t\t\t\t\t\t<div class=\"elementor-element elementor-element-19fffa4 elementor-widget elementor-widget-heading\" data-id=\"19fffa4\" data-element_type=\"widget\" data-e-type=\"widget\" data-widget_type=\"heading.default\">\n\t\t\t\t<div class=\"elementor-widget-container\">\n\t\t\t\t\t<h2 class=\"elementor-heading-title elementor-size-default\">Jak dosta\u0107 si\u0119 do psychiatry?<br><\/h2>\t\t\t\t<\/div>\n\t\t\t\t<\/div>\n\t\t\t\t<div class=\"elementor-element elementor-element-860325b elementor-widget elementor-widget-text-editor\" data-id=\"860325b\" data-element_type=\"widget\" data-e-type=\"widget\" data-widget_type=\"text-editor.default\">\n\t\t\t\t<div class=\"elementor-widget-container\">\n\t\t\t\t\t\t\t\t\t<p>Aby zapisa\u0107 si\u0119 do psychiatry nie jest potrzebne skierowanie. Wystarczy wi\u0119c zadzwoni\u0107 i poprosi\u0107 o po\u0142\u0105czenie z rejestracj\u0105 poradni zdrowia psychicznego. Mo\u017cesz r\u00f3wnie\u017c uda\u0107 si\u0119 tam osobi\u015bcie. W rejestracji nale\u017cy poprosi\u0107 o wyznaczenie dogodnego dla Ciebie terminu wizyty, mo\u017cesz zapisa\u0107 si\u0119 te\u017c na okre\u015blon\u0105 godzin\u0119.<\/p>\t\t\t\t\t\t\t\t<\/div>\n\t\t\t\t<\/div>\n\t\t\t\t\t<\/div>\n\t\t<\/div>\n\t\t\t\t<div class=\"elementor-column elementor-col-33 elementor-top-column elementor-element elementor-element-920600e\" data-id=\"920600e\" data-element_type=\"column\" data-e-type=\"column\">\n\t\t\t<div class=\"elementor-widget-wrap elementor-element-populated\">\n\t\t\t\t\t\t<div class=\"elementor-element elementor-element-43f23b8 elementor-widget elementor-widget-heading\" data-id=\"43f23b8\" data-element_type=\"widget\" data-e-type=\"widget\" data-widget_type=\"heading.default\">\n\t\t\t\t<div class=\"elementor-widget-container\">\n\t\t\t\t\t<h2 class=\"elementor-heading-title elementor-size-default\">Centrum interwencji kryzysowej<br><\/h2>\t\t\t\t<\/div>\n\t\t\t\t<\/div>\n\t\t\t\t<div class=\"elementor-element elementor-element-6c3144a elementor-widget elementor-widget-text-editor\" data-id=\"6c3144a\" data-element_type=\"widget\" data-e-type=\"widget\" data-widget_type=\"text-editor.default\">\n\t\t\t\t<div class=\"elementor-widget-container\">\n\t\t\t\t\t\t\t\t\tul. Biskupa Dominika 25, 81-402 Gdynia<br>\ntel: 58 622 22 22<br>\n\ne-mail: interwencja@zps.net.pl<br><br>\n\n\n\nO\u015brodek czynny jest ca\u0142odobowo 7 dni w tygodniu. Zalecany jest wcze\u015bniejszy kontakt telefoniczny, aby um\u00f3wi\u0107 si\u0119 na spotkanie z psychologiem\t\t\t\t\t\t\t\t<\/div>\n\t\t\t\t<\/div>\n\t\t\t\t\t<\/div>\n\t\t<\/div>\n\t\t\t\t\t<\/div>\n\t\t<\/section>\n\t\t\t\t<\/div>\n\t\t","protected":false},"excerpt":{"rendered":"<p>Zesp\u00f3\u0142 Doradztwa i Poradnictwa Celem zespo\u0142u jest zapewnienie wsparcia osobom z niepe\u0142nosprawno\u015bciami lub do\u015bwiadczaj\u0105cym kryzys\u00f3w psychicznych i ich rodzinom w celu zwi\u0119kszania ich aktywno\u015bci spo\u0142ecznej i zawodowej. Kompleksowe wsparcie doradcze i psychologiczne rozwija umiej\u0119tno\u015bci do prowadzenia niezale\u017cnego i aktywnego \u017cycia. Zesp\u00f3\u0142 prowadzi poradnictwo z zakresu niepe\u0142nosprawno\u015bci oraz wspiera innych profesjonalist\u00f3w w pracy z klientami. Prowadzony [&hellip;]<\/p>\n","protected":false},"author":3,"featured_media":0,"parent":0,"menu_order":0,"comment_status":"closed","ping_status":"closed","template":"","meta":{"_monsterinsights_skip_tracking":false,"_monsterinsights_sitenote_active":false,"_monsterinsights_sitenote_note":"","_monsterinsights_sitenote_category":0,"_uf_show_specific_survey":0,"_uf_disable_surveys":false,"ocean_post_layout":"","ocean_both_sidebars_style":"","ocean_both_sidebars_content_width":0,"ocean_both_sidebars_sidebars_width":0,"ocean_sidebar":"0","ocean_second_sidebar":"0","ocean_disable_margins":"enable","ocean_add_body_class":"","ocean_shortcode_before_top_bar":"","ocean_shortcode_after_top_bar":"","ocean_shortcode_before_header":"","ocean_shortcode_after_header":"","ocean_has_shortcode":"","ocean_shortcode_after_title":"","ocean_shortcode_before_footer_widgets":"","ocean_shortcode_after_footer_widgets":"","ocean_shortcode_before_footer_bottom":"","ocean_shortcode_after_footer_bottom":"","ocean_display_top_bar":"default","ocean_display_header":"default","ocean_header_style":"","ocean_center_header_left_menu":"0","ocean_custom_header_template":"0","ocean_custom_logo":0,"ocean_custom_retina_logo":0,"ocean_custom_logo_max_width":0,"ocean_custom_logo_tablet_max_width":0,"ocean_custom_logo_mobile_max_width":0,"ocean_custom_logo_max_height":0,"ocean_custom_logo_tablet_max_height":0,"ocean_custom_logo_mobile_max_height":0,"ocean_header_custom_menu":"0","ocean_menu_typo_font_family":"0","ocean_menu_typo_font_subset":"","ocean_menu_typo_font_size":0,"ocean_menu_typo_font_size_tablet":0,"ocean_menu_typo_font_size_mobile":0,"ocean_menu_typo_font_size_unit":"px","ocean_menu_typo_font_weight":"","ocean_menu_typo_font_weight_tablet":"","ocean_menu_typo_font_weight_mobile":"","ocean_menu_typo_transform":"","ocean_menu_typo_transform_tablet":"","ocean_menu_typo_transform_mobile":"","ocean_menu_typo_line_height":0,"ocean_menu_typo_line_height_tablet":0,"ocean_menu_typo_line_height_mobile":0,"ocean_menu_typo_line_height_unit":"","ocean_menu_typo_spacing":0,"ocean_menu_typo_spacing_tablet":0,"ocean_menu_typo_spacing_mobile":0,"ocean_menu_typo_spacing_unit":"","ocean_menu_link_color":"","ocean_menu_link_color_hover":"","ocean_menu_link_color_active":"","ocean_menu_link_background":"","ocean_menu_link_hover_background":"","ocean_menu_link_active_background":"","ocean_menu_social_links_bg":"","ocean_menu_social_hover_links_bg":"","ocean_menu_social_links_color":"","ocean_menu_social_hover_links_color":"","ocean_disable_title":"default","ocean_disable_heading":"default","ocean_post_title":"","ocean_post_subheading":"","ocean_post_title_style":"","ocean_post_title_background_color":"","ocean_post_title_background":0,"ocean_post_title_bg_image_position":"","ocean_post_title_bg_image_attachment":"","ocean_post_title_bg_image_repeat":"","ocean_post_title_bg_image_size":"","ocean_post_title_height":0,"ocean_post_title_bg_overlay":0.5,"ocean_post_title_bg_overlay_color":"","ocean_disable_breadcrumbs":"default","ocean_breadcrumbs_color":"","ocean_breadcrumbs_separator_color":"","ocean_breadcrumbs_links_color":"","ocean_breadcrumbs_links_hover_color":"","ocean_display_footer_widgets":"default","ocean_display_footer_bottom":"default","ocean_custom_footer_template":"0","footnotes":""},"class_list":["post-2907","page","type-page","status-publish","hentry","entry"],"aioseo_notices":[],"_links":{"self":[{"href":"https:\/\/centrumsamopomocy.pl\/index.php?rest_route=\/wp\/v2\/pages\/2907","targetHints":{"allow":["GET"]}}],"collection":[{"href":"https:\/\/centrumsamopomocy.pl\/index.php?rest_route=\/wp\/v2\/pages"}],"about":[{"href":"https:\/\/centrumsamopomocy.pl\/index.php?rest_route=\/wp\/v2\/types\/page"}],"author":[{"embeddable":true,"href":"https:\/\/centrumsamopomocy.pl\/index.php?rest_route=\/wp\/v2\/users\/3"}],"replies":[{"embeddable":true,"href":"https:\/\/centrumsamopomocy.pl\/index.php?rest_route=%2Fwp%2Fv2%2Fcomments&post=2907"}],"version-history":[{"count":58,"href":"https:\/\/centrumsamopomocy.pl\/index.php?rest_route=\/wp\/v2\/pages\/2907\/revisions"}],"predecessor-version":[{"id":5003,"href":"https:\/\/centrumsamopomocy.pl\/index.php?rest_route=\/wp\/v2\/pages\/2907\/revisions\/5003"}],"wp:attachment":[{"href":"https:\/\/centrumsamopomocy.pl\/index.php?rest_route=%2Fwp%2Fv2%2Fmedia&parent=2907"}],"curies":[{"name":"wp","href":"https:\/\/api.w.org\/{rel}","templated":true}]}}